{"id":4242,"date":"2021-01-31T18:24:24","date_gmt":"2021-01-31T17:24:24","guid":{"rendered":"https:\/\/rnyobservatory.eu\/web\/?page_id=4242"},"modified":"2021-01-31T18:54:54","modified_gmt":"2021-01-31T17:54:54","slug":"lisbon-2021-videos","status":"publish","type":"page","link":"https:\/\/rnyobservatory.eu\/web\/lisbon-2021-videos\/","title":{"rendered":"Online Conference Lisbon 2021 | Recorded sessions"},"content":{"rendered":"<p><a href=\"https:\/\/rnyobservatory.eu\/web\/lisbon-conference-2021\/\"><img decoding=\"async\" class=\"wp-image-4090 size-full alignnone lazyload\" data-src=\"https:\/\/rnyobservatory.eu\/web\/wp-content\/uploads\/2020\/07\/banner-scaled.jpg\" alt=\"\" width=\"2560\" height=\"834\" data-srcset=\"https:\/\/rnyobservatory.eu\/web\/wp-content\/uploads\/2020\/07\/banner-scaled.jpg 2560w, https:\/\/rnyobservatory.eu\/web\/wp-content\/uploads\/2020\/07\/banner-300x98.jpg 300w, https:\/\/rnyobservatory.eu\/web\/wp-content\/uploads\/2020\/07\/banner-1024x334.jpg 1024w, https:\/\/rnyobservatory.eu\/web\/wp-content\/uploads\/2020\/07\/banner-150x49.jpg 150w, https:\/\/rnyobservatory.eu\/web\/wp-content\/uploads\/2020\/07\/banner-768x250.jpg 768w, https:\/\/rnyobservatory.eu\/web\/wp-content\/uploads\/2020\/07\/banner-1536x501.jpg 1536w, https:\/\/rnyobservatory.eu\/web\/wp-content\/uploads\/2020\/07\/banner-2048x667.jpg 2048w, https:\/\/rnyobservatory.eu\/web\/wp-content\/uploads\/2020\/07\/banner-24x8.jpg 24w, https:\/\/rnyobservatory.eu\/web\/wp-content\/uploads\/2020\/07\/banner-36x12.jpg 36w, https:\/\/rnyobservatory.eu\/web\/wp-content\/uploads\/2020\/07\/banner-48x16.jpg 48w\" data-sizes=\"(max-width: 2560px) 100vw, 2560px\" src=\"data:image\/svg+xml;base64,PHN2ZyB3aWR0aD0iMSIgaGVpZ2h0PSIxIiB4bWxucz0iaHR0cDovL3d3dy53My5vcmcvMjAwMC9zdmciPjwvc3ZnPg==\" style=\"--smush-placeholder-width: 2560px; --smush-placeholder-aspect-ratio: 2560\/834;\" \/><\/a><\/p>\n<p style=\"text-align: center;\"><a href=\"https:\/\/rnyobservatory.eu\/web\/?page_id=4117&amp;preview=true\"><img decoding=\"async\" class=\"alignnone wp-image-4110 lazyload\" data-src=\"https:\/\/rnyobservatory.eu\/web\/wp-content\/uploads\/2020\/12\/botonProgram2.png\" alt=\"\" width=\"250\" height=\"83\" src=\"data:image\/svg+xml;base64,PHN2ZyB3aWR0aD0iMSIgaGVpZ2h0PSIxIiB4bWxucz0iaHR0cDovL3d3dy53My5vcmcvMjAwMC9zdmciPjwvc3ZnPg==\" style=\"--smush-placeholder-width: 250px; --smush-placeholder-aspect-ratio: 250\/83;\" \/><\/a> \u00a0<img decoding=\"async\" class=\"alignnone wp-image-4245 lazyload\" data-src=\"https:\/\/rnyobservatory.eu\/web\/wp-content\/uploads\/2021\/01\/botonVideos.png\" alt=\"\" width=\"249\" height=\"83\" data-srcset=\"https:\/\/rnyobservatory.eu\/web\/wp-content\/uploads\/2021\/01\/botonVideos.png 300w, https:\/\/rnyobservatory.eu\/web\/wp-content\/uploads\/2021\/01\/botonVideos-150x50.png 150w, https:\/\/rnyobservatory.eu\/web\/wp-content\/uploads\/2021\/01\/botonVideos-24x8.png 24w, https:\/\/rnyobservatory.eu\/web\/wp-content\/uploads\/2021\/01\/botonVideos-36x12.png 36w, https:\/\/rnyobservatory.eu\/web\/wp-content\/uploads\/2021\/01\/botonVideos-48x16.png 48w\" data-sizes=\"(max-width: 249px) 100vw, 249px\" src=\"data:image\/svg+xml;base64,PHN2ZyB3aWR0aD0iMSIgaGVpZ2h0PSIxIiB4bWxucz0iaHR0cDovL3d3dy53My5vcmcvMjAwMC9zdmciPjwvc3ZnPg==\" style=\"--smush-placeholder-width: 249px; --smush-placeholder-aspect-ratio: 249\/83;\" \/><\/p>\n<h4>International Online Conference | 27th January 2021<\/h4>\n<h2><strong><em>Education: What\u2019s next? <\/em><\/strong><strong><em>Formal education &amp; training and the transition from school to work in rural areas<\/em><\/strong><\/h2>\n<p>Hosted by Lisbon, ISCTE-Instituto Universit\u00e1rio de Lisboa (Portugal)<\/p>\n<p>The COST-Lisbon International Conference <strong><em>Education: What\u2019s next? Formal education &amp; training and the transition from school to work in rural areas <\/em><\/strong>is the result of an in-progress multidisciplinary scientific network on rural NEETs among researchers from 27 European countries.<\/p>\n<hr \/>\n<h3 class=\"title style-scope ytd-video-primary-info-renderer\" style=\"text-align: center;\">LISBON 2021 CONFERENCE VIDEO SESSIONS<\/h3>\n<h3 class=\"title style-scope ytd-video-primary-info-renderer\" style=\"text-align: center;\"><iframe data-src=\"https:\/\/www.youtube.com\/embed\/VsVCJ2iHO_o\" width=\"560\" height=\"315\" frameborder=\"0\" allowfullscreen=\"allowfullscreen\" src=\"data:image\/svg+xml;base64,PHN2ZyB3aWR0aD0iMSIgaGVpZ2h0PSIxIiB4bWxucz0iaHR0cDovL3d3dy53My5vcmcvMjAwMC9zdmciPjwvc3ZnPg==\" class=\"lazyload\" data-load-mode=\"1\"><\/iframe><\/h3>\n<hr \/>\n<h3 class=\"title style-scope ytd-video-primary-info-renderer\" style=\"text-align: center;\"><iframe data-src=\"https:\/\/www.youtube.com\/embed\/P75KWra8e4I\" width=\"560\" height=\"315\" frameborder=\"0\" allowfullscreen=\"allowfullscreen\" src=\"data:image\/svg+xml;base64,PHN2ZyB3aWR0aD0iMSIgaGVpZ2h0PSIxIiB4bWxucz0iaHR0cDovL3d3dy53My5vcmcvMjAwMC9zdmciPjwvc3ZnPg==\" class=\"lazyload\" data-load-mode=\"1\"><\/iframe><\/h3>\n<hr \/>\n<h3 class=\"title style-scope ytd-video-primary-info-renderer\" style=\"text-align: center;\"><iframe data-src=\"https:\/\/www.youtube.com\/embed\/jn4o2_1ixkc\" width=\"560\" height=\"315\" frameborder=\"0\" allowfullscreen=\"allowfullscreen\" src=\"data:image\/svg+xml;base64,PHN2ZyB3aWR0aD0iMSIgaGVpZ2h0PSIxIiB4bWxucz0iaHR0cDovL3d3dy53My5vcmcvMjAwMC9zdmciPjwvc3ZnPg==\" class=\"lazyload\" data-load-mode=\"1\"><\/iframe><\/h3>\n<hr \/>\n<h3 class=\"title style-scope ytd-video-primary-info-renderer\" style=\"text-align: center;\"><iframe data-src=\"https:\/\/www.youtube.com\/embed\/a0iKnw6qXVY\" width=\"560\" height=\"315\" frameborder=\"0\" allowfullscreen=\"allowfullscreen\" src=\"data:image\/svg+xml;base64,PHN2ZyB3aWR0aD0iMSIgaGVpZ2h0PSIxIiB4bWxucz0iaHR0cDovL3d3dy53My5vcmcvMjAwMC9zdmciPjwvc3ZnPg==\" class=\"lazyload\" data-load-mode=\"1\"><\/iframe><\/h3>\n<hr \/>\n<h3 class=\"title style-scope ytd-video-primary-info-renderer\" style=\"text-align: center;\"><iframe data-src=\"https:\/\/www.youtube.com\/embed\/mfL7VxPXBLQ\" width=\"560\" height=\"315\" frameborder=\"0\" allowfullscreen=\"allowfullscreen\" src=\"data:image\/svg+xml;base64,PHN2ZyB3aWR0aD0iMSIgaGVpZ2h0PSIxIiB4bWxucz0iaHR0cDovL3d3dy53My5vcmcvMjAwMC9zdmciPjwvc3ZnPg==\" class=\"lazyload\" data-load-mode=\"1\"><\/iframe><\/h3>\n<hr \/>\n<h3 class=\"title style-scope ytd-video-primary-info-renderer\" style=\"text-align: center;\"><iframe data-src=\"https:\/\/www.youtube.com\/embed\/j3mJrDY2T-s\" width=\"560\" height=\"315\" frameborder=\"0\" allowfullscreen=\"allowfullscreen\" src=\"data:image\/svg+xml;base64,PHN2ZyB3aWR0aD0iMSIgaGVpZ2h0PSIxIiB4bWxucz0iaHR0cDovL3d3dy53My5vcmcvMjAwMC9zdmciPjwvc3ZnPg==\" class=\"lazyload\" data-load-mode=\"1\"><\/iframe><\/h3>\n<hr \/>\n<h3 class=\"title style-scope ytd-video-primary-info-renderer\" style=\"text-align: center;\"><iframe data-src=\"https:\/\/www.youtube.com\/embed\/aNNZIR0z6x4\" width=\"560\" height=\"315\" frameborder=\"0\" allowfullscreen=\"allowfullscreen\" src=\"data:image\/svg+xml;base64,PHN2ZyB3aWR0aD0iMSIgaGVpZ2h0PSIxIiB4bWxucz0iaHR0cDovL3d3dy53My5vcmcvMjAwMC9zdmciPjwvc3ZnPg==\" class=\"lazyload\" data-load-mode=\"1\"><\/iframe><\/h3>\n<hr \/>\n<h3 class=\"title style-scope ytd-video-primary-info-renderer\" style=\"text-align: center;\"><iframe data-src=\"https:\/\/www.youtube.com\/embed\/uRY_SXX9VcU\" width=\"560\" height=\"315\" frameborder=\"0\" allowfullscreen=\"allowfullscreen\" src=\"data:image\/svg+xml;base64,PHN2ZyB3aWR0aD0iMSIgaGVpZ2h0PSIxIiB4bWxucz0iaHR0cDovL3d3dy53My5vcmcvMjAwMC9zdmciPjwvc3ZnPg==\" class=\"lazyload\" data-load-mode=\"1\"><\/iframe><\/h3>\n<hr \/>\n<h3 class=\"title style-scope ytd-video-primary-info-renderer\" style=\"text-align: center;\"><iframe data-src=\"https:\/\/www.youtube.com\/embed\/EFAQCqvXtDw\" width=\"560\" height=\"315\" frameborder=\"0\" allowfullscreen=\"allowfullscreen\" src=\"data:image\/svg+xml;base64,PHN2ZyB3aWR0aD0iMSIgaGVpZ2h0PSIxIiB4bWxucz0iaHR0cDovL3d3dy53My5vcmcvMjAwMC9zdmciPjwvc3ZnPg==\" class=\"lazyload\" data-load-mode=\"1\"><\/iframe><\/h3>\n<hr \/>\n<h3 class=\"title style-scope ytd-video-primary-info-renderer\" style=\"text-align: center;\"><iframe data-src=\"https:\/\/www.youtube.com\/embed\/MoXfVO7kC7E\" width=\"560\" height=\"315\" frameborder=\"0\" allowfullscreen=\"allowfullscreen\" src=\"data:image\/svg+xml;base64,PHN2ZyB3aWR0aD0iMSIgaGVpZ2h0PSIxIiB4bWxucz0iaHR0cDovL3d3dy53My5vcmcvMjAwMC9zdmciPjwvc3ZnPg==\" class=\"lazyload\" data-load-mode=\"1\"><\/iframe><\/h3>\n<hr \/>\n<p><strong>COST-Lisbon Conference Scientific Committee<\/strong><br \/>\nAlena Minns (Slovak Youth Institute, Bratislava, Slovakia); Ana Sofia Ribeiro (ICS, Lisbon, Portugal); Claudia Petrescu (Research Institute for Quality of Life, Bucharest, Romania); Daniela Mamucevska (Faculty of Economics, Skopje, North Macedonia); Francisco Sim\u00f5es (ISCTE-IUL, Portugal); Gabriela Neagu (Research Institute for Quality of Life, Bucharest, Romania); Jo\u00e3o Gra\u00e7a (ICS, Lisbon, Portugal); Maria Manuel Vieira (ICS, Lisbon, Portugal); Slaven Gasparovic (University of Zagreb, Croatia).<\/p>\n<p><strong>COST-Lisbon Conference Organising Committee<\/strong><br \/>\nFrancisco Sim\u00f5es (ISCTE-IUL &#8211; Portugal); Leonardo Sousa (ISCTE-IUL &#8211; Portugal); Maria-Fernandes Jesus (ISCTE-IUL &#8211; Portugal); Mariano Soler-Porta (Universidad de M\u00e1laga &#8211; Spain); Ricardo Rodrigues (ISCTE-IUL &#8211; Portugal); Tatiana Ferreira (ICS &#8211; Portugal).<\/p>\n<div class=\"pvc_clear\"><\/div>\n<p id=\"pvc_stats_4242\" class=\"pvc_stats total_only  \" data-element-id=\"4242\" style=\"\"><i class=\"pvc-stats-icon medium\" aria-hidden=\"true\"><svg aria-hidden=\"true\" focusable=\"false\" data-prefix=\"far\" data-icon=\"chart-bar\" role=\"img\" xmlns=\"http:\/\/www.w3.org\/2000\/svg\" viewBox=\"0 0 512 512\" class=\"svg-inline--fa fa-chart-bar fa-w-16 fa-2x\"><path fill=\"currentColor\" d=\"M396.8 352h22.4c6.4 0 12.8-6.4 12.8-12.8V108.8c0-6.4-6.4-12.8-12.8-12.8h-22.4c-6.4 0-12.8 6.4-12.8 12.8v230.4c0 6.4 6.4 12.8 12.8 12.8zm-192 0h22.4c6.4 0 12.8-6.4 12.8-12.8V140.8c0-6.4-6.4-12.8-12.8-12.8h-22.4c-6.4 0-12.8 6.4-12.8 12.8v198.4c0 6.4 6.4 12.8 12.8 12.8zm96 0h22.4c6.4 0 12.8-6.4 12.8-12.8V204.8c0-6.4-6.4-12.8-12.8-12.8h-22.4c-6.4 0-12.8 6.4-12.8 12.8v134.4c0 6.4 6.4 12.8 12.8 12.8zM496 400H48V80c0-8.84-7.16-16-16-16H16C7.16 64 0 71.16 0 80v336c0 17.67 14.33 32 32 32h464c8.84 0 16-7.16 16-16v-16c0-8.84-7.16-16-16-16zm-387.2-48h22.4c6.4 0 12.8-6.4 12.8-12.8v-70.4c0-6.4-6.4-12.8-12.8-12.8h-22.4c-6.4 0-12.8 6.4-12.8 12.8v70.4c0 6.4 6.4 12.8 12.8 12.8z\" class=\"\"><\/path><\/svg><\/i> <img decoding=\"async\" width=\"16\" height=\"16\" alt=\"Loading\" data-src=\"https:\/\/rnyobservatory.eu\/web\/wp-content\/plugins\/page-views-count\/ajax-loader-2x.gif\" border=0 src=\"data:image\/svg+xml;base64,PHN2ZyB3aWR0aD0iMSIgaGVpZ2h0PSIxIiB4bWxucz0iaHR0cDovL3d3dy53My5vcmcvMjAwMC9zdmciPjwvc3ZnPg==\" class=\"lazyload\" style=\"--smush-placeholder-width: 16px; --smush-placeholder-aspect-ratio: 16\/16;\" \/><\/p>\n<div class=\"pvc_clear\"><\/div>\n","protected":false},"excerpt":{"rendered":"<p>\u00a0 International Online Conference | 27th January 2021 Education: What\u2019s next? Formal education &amp; training and the transition from school to work in rural areas Hosted by Lisbon, ISCTE-Instituto Universit\u00e1rio de Lisboa (Portugal) The COST-Lisbon International Conference Education: What\u2019s next? Formal education &amp; training and the transition from school to work in rural areas is the result of an in-progress multidisciplinary scientific network on rural NEETs among researchers from 27 European countries. LISBON 2021 CONFERENCE VIDEO SESSIONS COST-Lisbon Conference Scientific&hellip;<\/p>\n<div class=\"pvc_clear\"><\/div>\n<p id=\"pvc_stats_4242\" class=\"pvc_stats total_only  \" data-element-id=\"4242\" style=\"\"><i class=\"pvc-stats-icon medium\" aria-hidden=\"true\"><svg aria-hidden=\"true\" focusable=\"false\" data-prefix=\"far\" data-icon=\"chart-bar\" role=\"img\" xmlns=\"http:\/\/www.w3.org\/2000\/svg\" viewBox=\"0 0 512 512\" class=\"svg-inline--fa fa-chart-bar fa-w-16 fa-2x\"><path fill=\"currentColor\" d=\"M396.8 352h22.4c6.4 0 12.8-6.4 12.8-12.8V108.8c0-6.4-6.4-12.8-12.8-12.8h-22.4c-6.4 0-12.8 6.4-12.8 12.8v230.4c0 6.4 6.4 12.8 12.8 12.8zm-192 0h22.4c6.4 0 12.8-6.4 12.8-12.8V140.8c0-6.4-6.4-12.8-12.8-12.8h-22.4c-6.4 0-12.8 6.4-12.8 12.8v198.4c0 6.4 6.4 12.8 12.8 12.8zm96 0h22.4c6.4 0 12.8-6.4 12.8-12.8V204.8c0-6.4-6.4-12.8-12.8-12.8h-22.4c-6.4 0-12.8 6.4-12.8 12.8v134.4c0 6.4 6.4 12.8 12.8 12.8zM496 400H48V80c0-8.84-7.16-16-16-16H16C7.16 64 0 71.16 0 80v336c0 17.67 14.33 32 32 32h464c8.84 0 16-7.16 16-16v-16c0-8.84-7.16-16-16-16zm-387.2-48h22.4c6.4 0 12.8-6.4 12.8-12.8v-70.4c0-6.4-6.4-12.8-12.8-12.8h-22.4c-6.4 0-12.8 6.4-12.8 12.8v70.4c0 6.4 6.4 12.8 12.8 12.8z\" class=\"\"><\/path><\/svg><\/i> <img decoding=\"async\" width=\"16\" height=\"16\" alt=\"Loading\" data-src=\"https:\/\/rnyobservatory.eu\/web\/wp-content\/plugins\/page-views-count\/ajax-loader-2x.gif\" border=0 src=\"data:image\/svg+xml;base64,PHN2ZyB3aWR0aD0iMSIgaGVpZ2h0PSIxIiB4bWxucz0iaHR0cDovL3d3dy53My5vcmcvMjAwMC9zdmciPjwvc3ZnPg==\" class=\"lazyload\" style=\"--smush-placeholder-width: 16px; --smush-placeholder-aspect-ratio: 16\/16;\" \/><\/p>\n<div class=\"pvc_clear\"><\/div>\n","protected":false},"author":1,"featured_media":0,"parent":0,"menu_order":0,"comment_status":"closed","ping_status":"closed","template":"","meta":{"om_disable_all_campaigns":false,"_monsterinsights_skip_tracking":false,"_monsterinsights_sitenote_active":false,"_monsterinsights_sitenote_note":"","_monsterinsights_sitenote_category":0,"_EventAllDay":false,"_EventTimezone":"","_EventStartDate":"","_EventEndDate":"","_EventStartDateUTC":"","_EventEndDateUTC":"","_EventShowMap":false,"_EventShowMapLink":false,"_EventURL":"","_EventCost":"","_EventCostDescription":"","_EventCurrencySymbol":"","_EventCurrencyCode":"","_EventCurrencyPosition":"","_EventDateTimeSeparator":"","_EventTimeRangeSeparator":"","_EventOrganizerID":[],"_EventVenueID":[],"_OrganizerEmail":"","_OrganizerPhone":"","_OrganizerWebsite":"","_VenueAddress":"","_VenueCity":"","_VenueCountry":"","_VenueProvince":"","_VenueState":"","_VenueZip":"","_VenuePhone":"","_VenueURL":"","_VenueStateProvince":"","_VenueLat":"","_VenueLng":"","_VenueShowMap":false,"_VenueShowMapLink":false,"two_page_speed":[],"footnotes":""},"class_list":["post-4242","page","type-page","status-publish","hentry"],"_links":{"self":[{"href":"https:\/\/rnyobservatory.eu\/web\/wp-json\/wp\/v2\/pages\/4242","targetHints":{"allow":["GET"]}}],"collection":[{"href":"https:\/\/rnyobservatory.eu\/web\/wp-json\/wp\/v2\/pages"}],"about":[{"href":"https:\/\/rnyobservatory.eu\/web\/wp-json\/wp\/v2\/types\/page"}],"author":[{"embeddable":true,"href":"https:\/\/rnyobservatory.eu\/web\/wp-json\/wp\/v2\/users\/1"}],"replies":[{"embeddable":true,"href":"https:\/\/rnyobservatory.eu\/web\/wp-json\/wp\/v2\/comments?post=4242"}],"version-history":[{"count":6,"href":"https:\/\/rnyobservatory.eu\/web\/wp-json\/wp\/v2\/pages\/4242\/revisions"}],"predecessor-version":[{"id":4251,"href":"https:\/\/rnyobservatory.eu\/web\/wp-json\/wp\/v2\/pages\/4242\/revisions\/4251"}],"wp:attachment":[{"href":"https:\/\/rnyobservatory.eu\/web\/wp-json\/wp\/v2\/media?parent=4242"}],"curies":[{"name":"wp","href":"https:\/\/api.w.org\/{rel}","templated":true}]}}