{"id":4977,"date":"2022-01-16T18:13:44","date_gmt":"2022-01-16T17:13:44","guid":{"rendered":"https:\/\/rnyobservatory.eu\/web\/?page_id=4977"},"modified":"2022-03-10T19:31:48","modified_gmt":"2022-03-10T18:31:48","slug":"special-issue-european-rural-neets-a-snapshot-in-youth-society","status":"publish","type":"page","link":"https:\/\/rnyobservatory.eu\/web\/publications\/special-issue-european-rural-neets-a-snapshot-in-youth-society\/","title":{"rendered":"Special Issue &#8220;Challenges Associated With European  Rural NEETs Youth Inclusion&#8221; in Youth &#038; Society"},"content":{"rendered":"<h1><strong>Special Issue &#8220;Challenges Associated With European Rural NEETs Youth Inclusion&#8221; in <a href=\"https:\/\/journals.sagepub.com\/home\/yas\">Youth &amp; Society<\/a><\/strong><\/h1>\n<h4><a href=\"https:\/\/journals.sagepub.com\/toc\/yasa\/54\/2_suppl\">https:\/\/journals.sagepub.com\/toc\/yasa\/54\/2_suppl<\/a><\/h4>\n<h4>Published Papers (7 papers)<\/h4>\n<h4><a href=\"https:\/\/journals.sagepub.com\/doi\/full\/10.1177\/0044118X211059252\">Introduction to the Special Issue: European Rural NEETs: A Snapshot<\/a><\/h4>\n<p>Paul Flynn,\u00a0<span class=\"contribDegrees\">Emre Erdogan<br \/>\n<\/span><span class=\"publicationContentEpubDate dates\"><b>First Published <\/b>January 4, 2022<br \/>\n<\/span><a href=\"https:\/\/doi.org\/10.1177\/0044118X211059252\">https:\/\/doi.org\/10.1177\/0044118X211059252<\/a><\/p>\n<p>This supplemental issue focuses on the challenges associated with European rural NEET (Not in Employment, Education, or Training) youth socio-economic inclusion. For NEETs, the transition from childhood to adulthood is both complex and fascinating, fraught with risks of marginalization and precarity. Such challenges have been compounded by assumptions regarding homogeneity evident in publications by the EU and the OECD which place all NEETs within age ranges without recognition of the complexity of life in this demographic. In 2019, across the then EU28 member-states and non-EU states, the proportion of NEETs was recorded as higher in rural regions when compared with the same rate in towns and suburbs or cities (Eurostat, 2020). Notably, an uneven NEET distribution by the degree of urbanization was evident in many eastern or southern European countries, with gaps between cities and rural areas ranging from 10 to more than 20\u2009percentile points. Clearly, there is a need to explore the greater proportions of rural NEETs that occur in European countries with sub-protective welfare regimes and fail short to support school-to-work transition among the most vulnerable youths (Schoon &amp; Heckhausen, 2019).<\/p>\n<hr \/>\n<h4><a href=\"https:\/\/journals.sagepub.com\/doi\/full\/10.1177\/0044118X211040534\">Scrutinising the Exceptionalism of Young Rural NEETs: A Bibliometric Review<\/a><\/h4>\n<p>Francisco Sim\u00f5es, Emre Erdo\u011fan, Melisa Muratovi\u0107, &#8230;<br \/>\nFirst Published September 30, 2021<br \/>\n<a href=\"https:\/\/doi.org\/10.1177\/0044118X211040534\">https:\/\/doi.org\/10.1177\/0044118X211040534<\/a><\/p>\n<h6>Abstract<\/h6>\n<p>The situation of rural NEETs aged 15 to 24 remains understudied. However, transitions from adolescence to emerging adulthood are very demanding for those in the countryside. Our paper discusses this gap by characterising the scholarship focusing on rural NEETs. We undertook a bibliometric review based on 325 entries on Web of Science (WoS) using the Bibliometrix analysis package. Our approach included descriptive bibliometric analysis, co-citation networks assessment, and thematic analysis. Our findings show that the investigation efforts depicting younger rural NEET are recent and marginal in the larger context of international NEETs scholarship. The field is dominated by economy- and sociology-led networks. Concerns regarding health and employment issues are central in international publishing trends, showing a dominant youth-at-risk approach to this group. Still, themes associated with adolescent NEETs and relevant programs\u2019 assessment are gaining traction. Our findings show a need for funding research initiatives to reduce the invisibility of young rural NEETs.<\/p>\n<h6>Keywords<\/h6>\n<p>NEET,\u00a0rurality,\u00a0youth,\u00a0bibliometric review<\/p>\n<hr \/>\n<h4><a href=\"https:\/\/journals.sagepub.com\/doi\/full\/10.1177\/0044118X211069403\">The Impact of Education on Youth Employability: The Case of Selected Southeastern European Countries<\/a><\/h4>\n<p>Daniela Mamucevska Bojadjieva,\u00a0Marijana Cvetanoska,\u00a0Kristijan Kozheski,\u00a0&#8230;<br \/>\nFirst Published January 6, 2022<br \/>\n<a href=\"https:\/\/doi.org\/10.1177\/0044118X211069403\">https:\/\/doi.org\/10.1177\/0044118X211069403<\/a><\/p>\n<h6>Abstract<\/h6>\n<p>This paper focuses on the processes of school-to-work transitions in a selected group of countries from South-eastern Europe (SEE), namely: Bosnia and Herzegovina; Croatia; Montenegro; North Macedonia; Serbia; and, Slovenia. Each of these countries display the same roots of development in their educational systems: however, due to their transition and integration processes within the European Union, they implemented different concepts of reforms within their educational systems. In addition, the challenges of youth employability are a common problem for each of the selected countries, and the effectiveness of the processes of school-to-work-transition varies across the countries. By using panel data and multiple linear regression models, this paper estimates the impact of different educational levels on youth employability and changes in the rates of NEET population (aged 15\u201324) in the selected group of countries over the period 2009 to 2019. The results suggest that the impact of the attained level of education has an ambiguous effect on the rates of youth employment; moreover, the relationship with changes in NEET rates are statistically significant and negative in most of the selected group of countries.<\/p>\n<h6>Keywords<\/h6>\n<p>education,\u00a0youth employment\/youth unemployment,\u00a0education achievement<\/p>\n<hr \/>\n<h4><a href=\"https:\/\/journals.sagepub.com\/doi\/full\/10.1177\/0044118X211058225\">A Service Model for Self-Directed Learning of NEET Youth at the Local Government Level<\/a><\/h4>\n<p>Kerli K\u00f5iv,\u00a0Katrin Saks,\u00a0Heidi Paabort,\u00a0&#8230;<br \/>\nFirst Published November 16, 2021<br \/>\n<a href=\"https:\/\/doi.org\/10.1177\/0044118X211058225\">https:\/\/doi.org\/10.1177\/0044118X211058225<\/a><\/p>\n<h6>Abstract<\/h6>\n<p>Given the increasing value of lifelong learning, self-directed learning (SDL) has become increasingly relevant over time. In rural areas with limited service resources, the main approach to NEET-youth depicts them more as young people in need, and less as people with the potential for self-development and participation in lifelong learning. The growing importance of people\u2019s return to education, flexible learning paths, and the need for quick adaptation and re-training in a rapidly changing society emphasizes the need to design service models for NEET-youth. This is in order to support their SDL skills, and indicate the service providers\u2019 role throughout the process. The empirical study in Estonia was grounded on the Double Diamond service design method using quantitative data on the respondents\u2019 readiness for SDL, and also qualitative data from service providers about their roles and the affordances of their services in supporting SDL skills. The model was tested with rural NEET-youth.<\/p>\n<h6>Keywords<\/h6>\n<p>NEET youth,\u00a0self-directed learning,\u00a0support services,\u00a0service innovation<\/p>\n<hr \/>\n<h4><a href=\"https:\/\/journals.sagepub.com\/doi\/full\/10.1177\/0044118X211056361\">Using Evidence in Policies Addressing Rural NEETs: Common Patterns and Differences in Various EU Countries<\/a><\/h4>\n<p>Claudia Petrescu,\u00a0Adriano Mauro Ellena,\u00a0Maria Fernandes-Jesus,\u00a0&#8230;<br \/>\nFirst Published November 8, 2021<br \/>\n<a href=\"https:\/\/doi.org\/10.1177\/0044118X211056361\">https:\/\/doi.org\/10.1177\/0044118X211056361<\/a><\/p>\n<h6>Abstract<\/h6>\n<p>Using the policy narrative framework, this article examines the pathways through which the development of policies (related to rural\/small towns young NEETs in various EU countries) are based on evidence. To do this, we consider the Youth Guarantee (YG), an EU program (2014\u20132020) developed in several member countries with the aim of socioprofessional inclusion of NEETs (young people aged 15\u201324 that are not in employment, education, or training). It examines how evidence is used for national policy-making and is taken into account by stakeholders. This study involves documentary analysis of YG in three European countries: namely, Romania, Italy, and Portugal. In addition, it involves 27 interviews with policy-makers and NGO leaders. The results show a predominantly statistical use of data exclusively managed by public institutions. Therefore, we emphasize the importance of consulting evidence from academia and NGOs to improve this policy.<\/p>\n<h6>Keywords<\/h6>\n<p>program evaluation,\u00a0rural context,\u00a0poverty\/disadvantage,\u00a0policy,\u00a0socioeconomic status\/social class<\/p>\n<hr \/>\n<h4><a href=\"https:\/\/journals.sagepub.com\/doi\/full\/10.1177\/0044118X211056360\">NEETs and the Process of Transition From School to the Labor Market: A Comparative Analysis of Italy, Romania, and Bulgaria<\/a><\/h4>\n<p>Floro Ernesto Caroleo,\u00a0Antonella Rocca,\u00a0Gabriela Neagu,\u00a0&#8230;<br \/>\nFirst Published\u00a0November 7, 2021\u00a0Research Article<br \/>\n<a href=\"https:\/\/doi.org\/10.1177\/0044118X211056360\">https:\/\/doi.org\/10.1177\/0044118X211056360<\/a><\/p>\n<h6>Abstract<\/h6>\n<p>The aim of this article is to identify the main mechanisms leading to the NEET status in Italy, Romania, and Bulgaria. It does so by highlighting the differences amongst them and verifying how place of residence effectively affects the connected propensity to this status after having controlled for many personal characteristics through a series of probit models. Furthermore, multiple correspondence analyses produce profound understanding of the NEET phenomenon and associated determinants. The results highlight the need to plan support actions tailored to specific NEET characteristics. Whilst the degree of urbanization impacts upon the NEET status throughout Romania and Bulgaria, Italy shows a strong divide between the North and the South. However, in all three countries there is a need to improve the education system and stimulate higher levels of education as the main measure of NEET prevention.<\/p>\n<h6>Keywords<\/h6>\n<p>NEETs,\u00a0transition from school to labor market,\u00a0cross-country analysis,\u00a0young people,\u00a0social politics,\u00a0European Union<\/p>\n<hr \/>\n<h4><a href=\"https:\/\/journals.sagepub.com\/doi\/full\/10.1177\/0044118X211051761\">School-Work-Transition of NEETS: A Comparative Analysis of European Countries<\/a><\/h4>\n<p>Antonella Rocca,\u00a0Gabriela Neagu,\u00a0Jale Tosun<br \/>\nFirst Published October 11, 2021<br \/>\nhttps:\/\/doi.org\/10.1177\/0044118X211051761<\/p>\n<h6>Abstract<\/h6>\n<p>This study investigates the connection between the reasons why some young people end their education without attaining a university degree and the effect of this decision on the probability of becoming a NEET in a set of European countries. Young people face the highest degree of disadvantage in the Mediterranean and East European countries, whereas in Continental European countries the school-to-work transition is smooth. We use the ad hoc module of the 2016 Labour Force Survey (LFS) and focus on young people aged 15 to 24. Our analysis reveals a positive relationship between the decision to drop out of education for health or family reasons and the probability of becoming a NEET. Conversely, when the reason for not completing university education is the desire to start working, and when the individuals who dropped out of university education gathered work experience during this period, the probability of becoming a NEET decreases significantly.<\/p>\n<h6>Keywords<\/h6>\n<p>educational achievement, employment, NEETs, school dropout, school-to-work transition<\/p>\n<div class=\"pvc_clear\"><\/div>\n<p id=\"pvc_stats_4977\" class=\"pvc_stats total_only  \" data-element-id=\"4977\" style=\"\"><i class=\"pvc-stats-icon medium\" aria-hidden=\"true\"><svg aria-hidden=\"true\" focusable=\"false\" data-prefix=\"far\" data-icon=\"chart-bar\" role=\"img\" xmlns=\"http:\/\/www.w3.org\/2000\/svg\" viewBox=\"0 0 512 512\" class=\"svg-inline--fa fa-chart-bar fa-w-16 fa-2x\"><path fill=\"currentColor\" d=\"M396.8 352h22.4c6.4 0 12.8-6.4 12.8-12.8V108.8c0-6.4-6.4-12.8-12.8-12.8h-22.4c-6.4 0-12.8 6.4-12.8 12.8v230.4c0 6.4 6.4 12.8 12.8 12.8zm-192 0h22.4c6.4 0 12.8-6.4 12.8-12.8V140.8c0-6.4-6.4-12.8-12.8-12.8h-22.4c-6.4 0-12.8 6.4-12.8 12.8v198.4c0 6.4 6.4 12.8 12.8 12.8zm96 0h22.4c6.4 0 12.8-6.4 12.8-12.8V204.8c0-6.4-6.4-12.8-12.8-12.8h-22.4c-6.4 0-12.8 6.4-12.8 12.8v134.4c0 6.4 6.4 12.8 12.8 12.8zM496 400H48V80c0-8.84-7.16-16-16-16H16C7.16 64 0 71.16 0 80v336c0 17.67 14.33 32 32 32h464c8.84 0 16-7.16 16-16v-16c0-8.84-7.16-16-16-16zm-387.2-48h22.4c6.4 0 12.8-6.4 12.8-12.8v-70.4c0-6.4-6.4-12.8-12.8-12.8h-22.4c-6.4 0-12.8 6.4-12.8 12.8v70.4c0 6.4 6.4 12.8 12.8 12.8z\" class=\"\"><\/path><\/svg><\/i> <img decoding=\"async\" width=\"16\" height=\"16\" alt=\"Loading\" data-src=\"https:\/\/rnyobservatory.eu\/web\/wp-content\/plugins\/page-views-count\/ajax-loader-2x.gif\" border=0 src=\"data:image\/svg+xml;base64,PHN2ZyB3aWR0aD0iMSIgaGVpZ2h0PSIxIiB4bWxucz0iaHR0cDovL3d3dy53My5vcmcvMjAwMC9zdmciPjwvc3ZnPg==\" class=\"lazyload\" style=\"--smush-placeholder-width: 16px; --smush-placeholder-aspect-ratio: 16\/16;\" \/><\/p>\n<div class=\"pvc_clear\"><\/div>\n","protected":false},"excerpt":{"rendered":"<p>Special Issue &#8220;Challenges Associated With European Rural NEETs Youth Inclusion&#8221; in Youth &amp; Society https:\/\/journals.sagepub.com\/toc\/yasa\/54\/2_suppl Published Papers (7 papers) Introduction to the Special Issue: European Rural NEETs: A Snapshot Paul Flynn,\u00a0Emre Erdogan First Published January 4, 2022 https:\/\/doi.org\/10.1177\/0044118X211059252 This supplemental issue focuses on the challenges associated with European rural NEET (Not in Employment, Education, or Training) youth socio-economic inclusion. For NEETs, the transition from childhood to adulthood is both complex and fascinating, fraught with risks of marginalization and precarity. Such&hellip;<\/p>\n<div class=\"pvc_clear\"><\/div>\n<p id=\"pvc_stats_4977\" class=\"pvc_stats total_only  \" data-element-id=\"4977\" style=\"\"><i class=\"pvc-stats-icon medium\" aria-hidden=\"true\"><svg aria-hidden=\"true\" focusable=\"false\" data-prefix=\"far\" data-icon=\"chart-bar\" role=\"img\" xmlns=\"http:\/\/www.w3.org\/2000\/svg\" viewBox=\"0 0 512 512\" class=\"svg-inline--fa fa-chart-bar fa-w-16 fa-2x\"><path fill=\"currentColor\" d=\"M396.8 352h22.4c6.4 0 12.8-6.4 12.8-12.8V108.8c0-6.4-6.4-12.8-12.8-12.8h-22.4c-6.4 0-12.8 6.4-12.8 12.8v230.4c0 6.4 6.4 12.8 12.8 12.8zm-192 0h22.4c6.4 0 12.8-6.4 12.8-12.8V140.8c0-6.4-6.4-12.8-12.8-12.8h-22.4c-6.4 0-12.8 6.4-12.8 12.8v198.4c0 6.4 6.4 12.8 12.8 12.8zm96 0h22.4c6.4 0 12.8-6.4 12.8-12.8V204.8c0-6.4-6.4-12.8-12.8-12.8h-22.4c-6.4 0-12.8 6.4-12.8 12.8v134.4c0 6.4 6.4 12.8 12.8 12.8zM496 400H48V80c0-8.84-7.16-16-16-16H16C7.16 64 0 71.16 0 80v336c0 17.67 14.33 32 32 32h464c8.84 0 16-7.16 16-16v-16c0-8.84-7.16-16-16-16zm-387.2-48h22.4c6.4 0 12.8-6.4 12.8-12.8v-70.4c0-6.4-6.4-12.8-12.8-12.8h-22.4c-6.4 0-12.8 6.4-12.8 12.8v70.4c0 6.4 6.4 12.8 12.8 12.8z\" class=\"\"><\/path><\/svg><\/i> <img decoding=\"async\" width=\"16\" height=\"16\" alt=\"Loading\" data-src=\"https:\/\/rnyobservatory.eu\/web\/wp-content\/plugins\/page-views-count\/ajax-loader-2x.gif\" border=0 src=\"data:image\/svg+xml;base64,PHN2ZyB3aWR0aD0iMSIgaGVpZ2h0PSIxIiB4bWxucz0iaHR0cDovL3d3dy53My5vcmcvMjAwMC9zdmciPjwvc3ZnPg==\" class=\"lazyload\" style=\"--smush-placeholder-width: 16px; --smush-placeholder-aspect-ratio: 16\/16;\" \/><\/p>\n<div class=\"pvc_clear\"><\/div>\n","protected":false},"author":1,"featured_media":0,"parent":4290,"menu_order":0,"comment_status":"closed","ping_status":"closed","template":"","meta":{"om_disable_all_campaigns":false,"_monsterinsights_skip_tracking":false,"_monsterinsights_sitenote_active":false,"_monsterinsights_sitenote_note":"","_monsterinsights_sitenote_category":0,"_EventAllDay":false,"_EventTimezone":"","_EventStartDate":"","_EventEndDate":"","_EventStartDateUTC":"","_EventEndDateUTC":"","_EventShowMap":false,"_EventShowMapLink":false,"_EventURL":"","_EventCost":"","_EventCostDescription":"","_EventCurrencySymbol":"","_EventCurrencyCode":"","_EventCurrencyPosition":"","_EventDateTimeSeparator":"","_EventTimeRangeSeparator":"","_EventOrganizerID":[],"_EventVenueID":[],"_OrganizerEmail":"","_OrganizerPhone":"","_OrganizerWebsite":"","_VenueAddress":"","_VenueCity":"","_VenueCountry":"","_VenueProvince":"","_VenueState":"","_VenueZip":"","_VenuePhone":"","_VenueURL":"","_VenueStateProvince":"","_VenueLat":"","_VenueLng":"","_VenueShowMap":false,"_VenueShowMapLink":false,"two_page_speed":[],"footnotes":""},"class_list":["post-4977","page","type-page","status-publish","hentry"],"_links":{"self":[{"href":"https:\/\/rnyobservatory.eu\/web\/wp-json\/wp\/v2\/pages\/4977","targetHints":{"allow":["GET"]}}],"collection":[{"href":"https:\/\/rnyobservatory.eu\/web\/wp-json\/wp\/v2\/pages"}],"about":[{"href":"https:\/\/rnyobservatory.eu\/web\/wp-json\/wp\/v2\/types\/page"}],"author":[{"embeddable":true,"href":"https:\/\/rnyobservatory.eu\/web\/wp-json\/wp\/v2\/users\/1"}],"replies":[{"embeddable":true,"href":"https:\/\/rnyobservatory.eu\/web\/wp-json\/wp\/v2\/comments?post=4977"}],"version-history":[{"count":5,"href":"https:\/\/rnyobservatory.eu\/web\/wp-json\/wp\/v2\/pages\/4977\/revisions"}],"predecessor-version":[{"id":5024,"href":"https:\/\/rnyobservatory.eu\/web\/wp-json\/wp\/v2\/pages\/4977\/revisions\/5024"}],"up":[{"embeddable":true,"href":"https:\/\/rnyobservatory.eu\/web\/wp-json\/wp\/v2\/pages\/4290"}],"wp:attachment":[{"href":"https:\/\/rnyobservatory.eu\/web\/wp-json\/wp\/v2\/media?parent=4977"}],"curies":[{"name":"wp","href":"https:\/\/api.w.org\/{rel}","templated":true}]}}